{"id":4016,"date":"2018-12-21T15:51:27","date_gmt":"2018-12-21T14:51:27","guid":{"rendered":"http:\/\/www.omav.it\/omavsite_2018\/?page_id=4016"},"modified":"2018-12-21T17:27:23","modified_gmt":"2018-12-21T16:27:23","slug":"reference-for-the-automotive-industry","status":"publish","type":"page","link":"https:\/\/www.omav.it\/en\/reference-for-the-automotive-industry\/","title":{"rendered":"Reference for the Automotive industry"},"content":{"rendered":"<p>&nbsp;<br \/>\n<span id=\"tablepress-6-description\" class=\"tablepress-table-description tablepress-table-description-id-6\">Some of the companies in this industry who chose OMAV:<br \/>\n&nbsp;<\/span>\n\n<table id=\"tablepress-6\" class=\"tablepress tablepress-id-6\" aria-describedby=\"tablepress-6-description\">\n<thead>\n<tr class=\"row-1\">\n\t<th class=\"column-1\">CUSTOMER<\/th><th class=\"column-2\">INDUSTRY<\/th><th class=\"column-3\">COUNTRY<\/th><th class=\"column-4\">WEBSITE<\/th>\n<\/tr>\n<\/thead>\n<tbody class=\"row-striping row-hover\">\n<tr class=\"row-2\">\n\t<td class=\"column-1\"><b>ASK Automotive Pvt. Ltd.<\/b><\/td><td class=\"column-2\">Brakes and frictions<\/td><td class=\"column-3\">India<\/td><td class=\"column-4\"><a href=\"https:\/\/www.askbrake.com\/\" rel=\"noopener noreferrer\" target=\"_blank\">www.askbrake.com<\/a><\/td>\n<\/tr>\n<tr class=\"row-3\">\n\t<td class=\"column-1\"><b>Autoliv ASW Tunisie<\/b><\/td><td class=\"column-2\">Car interiors<\/td><td class=\"column-3\">Tunisia<\/td><td class=\"column-4\"><a href=\"https:\/\/www.autoliv.com\/\" rel=\"noopener noreferrer\" target=\"_blank\">www.autoliv.com<\/a><\/td>\n<\/tr>\n<tr class=\"row-4\">\n\t<td class=\"column-1\"><b>Be\u015fer Balatac\u0131l\u0131k A.\u015e.<\/b><\/td><td class=\"column-2\">Brakes and frictions<\/td><td class=\"column-3\">Turkey<\/td><td class=\"column-4\"><a href=\"http:\/\/www.beser.com.tr\/\" rel=\"noopener noreferrer\" target=\"_blank\">www.beser.com.tr<\/a><\/td>\n<\/tr>\n<tr class=\"row-5\">\n\t<td class=\"column-1\"><b>Brakes India Pvt Ltd. (Sholinghur)<\/b><\/td><td class=\"column-2\">Brakes and frictions<\/td><td class=\"column-3\">India<\/td><td class=\"column-4\"><a href=\"https:\/\/www.brakesindia.com\/\" rel=\"noopener noreferrer\" target=\"_blank\">www.brakesindia.com<\/a><\/td>\n<\/tr>\n<tr class=\"row-6\">\n\t<td class=\"column-1\"><b>Brakes India Pvt. Ltd. (Polambakkam)<\/b><\/td><td class=\"column-2\">Brakes and frictions<\/td><td class=\"column-3\">India<\/td><td class=\"column-4\"><a href=\"https:\/\/www.brakesindia.com\/\" rel=\"noopener noreferrer\" target=\"_blank\">www.brakesindia.com<\/a><\/td>\n<\/tr>\n<tr class=\"row-7\">\n\t<td class=\"column-1\"><b>Brembo S.p.A.<\/b><\/td><td class=\"column-2\">Brakes and frictions<\/td><td class=\"column-3\">Italia<\/td><td class=\"column-4\"><a href=\"https:\/\/www.brembo.com\/it\" rel=\"noopener noreferrer\" target=\"_blank\">www.brembo.com<\/a><\/td>\n<\/tr>\n<tr class=\"row-8\">\n\t<td class=\"column-1\"><b>Compact International Co. Ltd.<\/b><\/td><td class=\"column-2\">Brakes and frictions<\/td><td class=\"column-3\">Thailand<\/td><td class=\"column-4\"><a href=\"https:\/\/www.compact-brake.com\/home\" rel=\"noopener noreferrer\" target=\"_blank\">www.compact-brake.com<\/a><\/td>\n<\/tr>\n<tr class=\"row-9\">\n\t<td class=\"column-1\"><b>Dongying Borui Brake System Co. Ltd.<\/b><\/td><td class=\"column-2\">Brakes and frictions<\/td><td class=\"column-3\">China<\/td><td class=\"column-4\"><\/td>\n<\/tr>\n<tr class=\"row-10\">\n\t<td class=\"column-1\"><b>Eren Balata<\/b><\/td><td class=\"column-2\">Brakes and frictions<\/td><td class=\"column-3\">Turkey<\/td><td class=\"column-4\"><a href=\"http:\/\/www.erenbalata.com.tr\/\" rel=\"noopener noreferrer\" target=\"_blank\">www.erenbalata.com.tr<\/a><\/td>\n<\/tr>\n<tr class=\"row-11\">\n\t<td class=\"column-1\"><b>Federal Mogul a.s. CZ<\/b><\/td><td class=\"column-2\">Brakes and frictions<\/td><td class=\"column-3\">Czech Republic<\/td><td class=\"column-4\"><a href=\"http:\/\/www.federalmogul.com\/it-IT\/Pagine\/Home.aspx#.XBz5dM17mM8\" rel=\"noopener noreferrer\" target=\"_blank\">www.federalmogul.com<\/a><\/td>\n<\/tr>\n<tr class=\"row-12\">\n\t<td class=\"column-1\"><b>Frenoflex S.r.l.<\/b><\/td><td class=\"column-2\">Brakes and frictions<\/td><td class=\"column-3\">Italy<\/td><td class=\"column-4\"><a href=\"http:\/\/frenoflex.it\/\" rel=\"noopener noreferrer\" target=\"_blank\">frenoflex.it<\/a><\/td>\n<\/tr>\n<tr class=\"row-13\">\n\t<td class=\"column-1\"><b>Frenos Sauleda S.A.<\/b><\/td><td class=\"column-2\">Brakes and frictions<\/td><td class=\"column-3\">Spain<\/td><td class=\"column-4\"><a href=\"https:\/\/www.frenossauleda.com\/en\" rel=\"noopener noreferrer\" target=\"_blank\">www.frenossauleda.com<\/a><\/td>\n<\/tr>\n<tr class=\"row-14\">\n\t<td class=\"column-1\"><b>Fri.Tech. S.r.l.<\/b><\/td><td class=\"column-2\">Brakes and frictions<\/td><td class=\"column-3\">Italy<\/td><td class=\"column-4\"><a href=\"http:\/\/www.fritechparts.com\/\" rel=\"noopener noreferrer\" target=\"_blank\">www.fritechparts.com<\/a><\/td>\n<\/tr>\n<tr class=\"row-15\">\n\t<td class=\"column-1\"><b>Gotec Polska Sp. z o.o.<\/b><\/td><td class=\"column-2\">Mechanical car components<\/td><td class=\"column-3\">Poland<\/td><td class=\"column-4\"><a href=\"https:\/\/gotec-gmbh.de\/\" rel=\"noopener noreferrer\" target=\"_blank\">gotec-gmbh.de<\/a><\/td>\n<\/tr>\n<tr class=\"row-16\">\n\t<td class=\"column-1\"><b>G.U.D. Holdings<\/b><\/td><td class=\"column-2\">Brakes and Frictions<\/td><td class=\"column-3\">South Africa<\/td><td class=\"column-4\"><a href=\"https:\/\/www.gudholdings.co.za\/\" rel=\"noopener noreferrer\" target=\"_blank\">gudholdings.co.za<\/a><\/td>\n<\/tr>\n<tr class=\"row-17\">\n\t<td class=\"column-1\"><b>Howe Leather Co. Ltd. (Shanghai)<\/b><\/td><td class=\"column-2\">Car interiors<\/td><td class=\"column-3\">China<\/td><td class=\"column-4\"><\/td>\n<\/tr>\n<tr class=\"row-18\">\n\t<td class=\"column-1\"><b>IAC Group s.r.o.<\/b><\/td><td class=\"column-2\">Car interiors<\/td><td class=\"column-3\">Slovakia<\/td><td class=\"column-4\"><a href=\"http:\/\/www.iacgroup.com\/\" rel=\"noopener noreferrer\" target=\"_blank\">www.iacgroup.com<\/a><\/td>\n<\/tr>\n<tr class=\"row-19\">\n\t<td class=\"column-1\"><b>ICC PROD s.r.l.<\/b><\/td><td class=\"column-2\">Car interiors<\/td><td class=\"column-3\">Romania<\/td><td class=\"column-4\"><a href=\"http:\/\/www.design-skills.ro\/\" rel=\"noopener noreferrer\" target=\"_blank\">www.design-skills.ro<\/a><\/td>\n<\/tr>\n<tr class=\"row-20\">\n\t<td class=\"column-1\"><b>Isibond s.a.s.<\/b><\/td><td class=\"column-2\">Brakes and frictions<\/td><td class=\"column-3\">Italy<\/td><td class=\"column-4\"><a href=\"http:\/\/www.isibond.it\/\" rel=\"noopener noreferrer\" target=\"_blank\">www.isibond.it<\/a><\/td>\n<\/tr>\n<tr class=\"row-21\">\n\t<td class=\"column-1\"><b>ITT High Precision Co. Ltd. (Wuxi)<\/b><\/td><td class=\"column-2\">Brakes and frictions<\/td><td class=\"column-3\">China<\/td><td class=\"column-4\"><\/td>\n<\/tr>\n<tr class=\"row-22\">\n\t<td class=\"column-1\"><b>ITT Motion Technologies Mexico<\/b><\/td><td class=\"column-2\">Brakes and frictions<\/td><td class=\"column-3\">Mexico<\/td><td class=\"column-4\"><\/td>\n<\/tr>\n<tr class=\"row-23\">\n\t<td class=\"column-1\"><b>Leva S.r.l.<\/b><\/td><td class=\"column-2\">Car interiors<\/td><td class=\"column-3\">Italy<\/td><td class=\"column-4\"><a href=\"http:\/\/www.levasrl.com\/leva\/?lang=it\" rel=\"noopener noreferrer\" target=\"_blank\">www.levasrl.com<\/a><\/td>\n<\/tr>\n<tr class=\"row-24\">\n\t<td class=\"column-1\"><b>LPR S.r.l.<\/b><\/td><td class=\"column-2\">Brakes and frictions<\/td><td class=\"column-3\">Italy<\/td><td class=\"column-4\"><a href=\"http:\/\/www.lpr.it\/\" rel=\"noopener noreferrer\" target=\"_blank\">www.lpr.it<\/a><\/td>\n<\/tr>\n<tr class=\"row-25\">\n\t<td class=\"column-1\"><b>Metaldyne International France SAS<\/b><\/td><td class=\"column-2\">Mechanical car components<\/td><td class=\"column-3\">France<\/td><td class=\"column-4\"><a href=\"http:\/\/metaldyne.com\/\" rel=\"noopener noreferrer\" target=\"_blank\">metaldyne.com<\/a><\/td>\n<\/tr>\n<tr class=\"row-26\">\n\t<td class=\"column-1\"><b>Qingdao Gihon Auto Parts Co. Ltd.<\/b><\/td><td class=\"column-2\">Brakes and frictions<\/td><td class=\"column-3\">China<\/td><td class=\"column-4\"><\/td>\n<\/tr>\n<tr class=\"row-27\">\n\t<td class=\"column-1\"><b>Siprof S.A.<\/b><\/td><td class=\"column-2\">Brakes and frictions<\/td><td class=\"column-3\">Morocco<\/td><td class=\"column-4\"><\/td>\n<\/tr>\n<tr class=\"row-28\">\n\t<td class=\"column-1\"><b>Tekspan Automotive S.p.A.<\/b><\/td><td class=\"column-2\">Car interiors<\/td><td class=\"column-3\">Italy<\/td><td class=\"column-4\"><a href=\"http:\/\/www.tekspanautomotive.com\/\" rel=\"noopener noreferrer\" target=\"_blank\">www.tekspanautomotive.com<\/a><\/td>\n<\/tr>\n<tr class=\"row-29\">\n\t<td class=\"column-1\"><b>Tekspol Sp. z o.o.<\/b><\/td><td class=\"column-2\">Car interiors<\/td><td class=\"column-3\">Poland<\/td><td class=\"column-4\"><a href=\"http:\/\/www.tekspol.com\/\" rel=\"noopener noreferrer\" target=\"_blank\">www.tekspol.com<\/a><\/td>\n<\/tr>\n<tr class=\"row-30\">\n\t<td class=\"column-1\"><b>TRW Automotive Systems GmbH<\/b><\/td><td class=\"column-2\">Car interiors<\/td><td class=\"column-3\">Germany<\/td><td class=\"column-4\"><a href=\"http:\/\/trw.com\" rel=\"noopener noreferrer\" target=\"_blank\">trw.com<\/a><\/td>\n<\/tr>\n<tr class=\"row-31\">\n\t<td class=\"column-1\"><b>Turk Pirelli Lastikleri A.\u015e.<\/b><\/td><td class=\"column-2\">Tyres<\/td><td class=\"column-3\">Turkey<\/td><td class=\"column-4\"><a href=\"http:\/\/www.pirelli.com\" rel=\"noopener noreferrer\" target=\"_blank\">www.pirelli.com<\/a><\/td>\n<\/tr>\n<tr class=\"row-32\">\n\t<td class=\"column-1\"><b>Valeo Materiaux de Friction<\/b><\/td><td class=\"column-2\">Brakes and frictions<\/td><td class=\"column-3\">France<\/td><td class=\"column-4\"><a href=\"http:\/\/www.valeo.com\" rel=\"noopener noreferrer\" target=\"_blank\">www.valeo.com<\/a><\/td>\n<\/tr>\n<tr class=\"row-33\">\n\t<td class=\"column-1\"><b>Valeo Pyeong Hwa Co. Ltd.<\/b><\/td><td class=\"column-2\">Brakes and frictions<\/td><td class=\"column-3\">South Korea<\/td><td class=\"column-4\"><a href=\"http:\/\/www.vph.com\/\" rel=\"noopener noreferrer\" target=\"_blank\">www.vph.com<\/a><\/td>\n<\/tr>\n<tr class=\"row-34\">\n\t<td class=\"column-1\"><b>Warner Electric<\/b><\/td><td class=\"column-2\">Brakes and frictions<\/td><td class=\"column-3\">France<\/td><td class=\"column-4\"><a href=\"https:\/\/www.warnerelectric.com\/\" rel=\"noopener noreferrer\" target=\"_blank\">www.warnerelectric.com<\/a><\/td>\n<\/tr>\n<\/tbody>\n<\/table>\n<!-- #tablepress-6 from cache --><\/p>\n","protected":false},"excerpt":{"rendered":"<p>&nbsp;<\/p>\n","protected":false},"author":3,"featured_media":0,"parent":0,"menu_order":0,"comment_status":"closed","ping_status":"closed","template":"","meta":{"ngg_post_thumbnail":0,"footnotes":""},"class_list":["post-4016","page","type-page","status-publish","hentry"],"aioseo_notices":[],"_links":{"self":[{"href":"https:\/\/www.omav.it\/en\/wp-json\/wp\/v2\/pages\/4016","targetHints":{"allow":["GET"]}}],"collection":[{"href":"https:\/\/www.omav.it\/en\/wp-json\/wp\/v2\/pages"}],"about":[{"href":"https:\/\/www.omav.it\/en\/wp-json\/wp\/v2\/types\/page"}],"author":[{"embeddable":true,"href":"https:\/\/www.omav.it\/en\/wp-json\/wp\/v2\/users\/3"}],"replies":[{"embeddable":true,"href":"https:\/\/www.omav.it\/en\/wp-json\/wp\/v2\/comments?post=4016"}],"version-history":[{"count":2,"href":"https:\/\/www.omav.it\/en\/wp-json\/wp\/v2\/pages\/4016\/revisions"}],"predecessor-version":[{"id":4058,"href":"https:\/\/www.omav.it\/en\/wp-json\/wp\/v2\/pages\/4016\/revisions\/4058"}],"wp:attachment":[{"href":"https:\/\/www.omav.it\/en\/wp-json\/wp\/v2\/media?parent=4016"}],"curies":[{"name":"wp","href":"https:\/\/api.w.org\/{rel}","templated":true}]}}